{"id":21,"date":"2009-03-22T21:08:40","date_gmt":"2009-03-22T20:08:40","guid":{"rendered":"http:\/\/www.tsv-rugby.de\/php\/wordpress\/?page_id=21"},"modified":"2020-06-08T13:34:39","modified_gmt":"2020-06-08T11:34:39","slug":"loewen-anfahrt","status":"publish","type":"page","link":"https:\/\/www.tsv-rugby.de\/php\/wordpress\/loewen-anfahrt","title":{"rendered":"L\u00f6wen &#8211; Anfahrt"},"content":{"rendered":"<p><strong>Adresse Rugbyplatz:<\/strong><br \/>\nTSV Handschuhsheim Abteilung Rugby<br \/>\nTiergartenstra\u00dfe 126<br \/>\n69120 Heidelberg<br \/>\nTelefon: 06221 \/ 409685<\/p>\n<p><strong>Adresse Klubhaus:<\/strong><br \/>\nTSV Handschuhsheim Abteilung Rugby<br \/>\nTiergartenstra\u00dfe 7a<br \/>\n69120 Heidelberg<br \/>\nTelefon: 06221 \/ 409685<\/p>\n<p><strong>Mit dem Auto:<br \/>\n<\/strong>Das Sportzentrum Nord befindet sich am n\u00f6rdlichen Ortsrand des Heidelberger Stadtteils Handschuhsheim und ist \u00fcber Autobahnanschlu\u00dfstelle Heidelberg Mitte zu erreichen. Ab dem Heidelberger Kreuz auf der A656 in Richtung Heidelberg Mitte.<br \/>\nAn der ersten Ampel (noch fast auf der Autobahn) links abbiegen, immer den Hinweisschildern Weinheim (B3) \/ Uni Klinikum folgend.<br \/>\nGeradeaus unter der Neckarbr\u00fccke hindurch und sofort rechts auf die Berliner Stra\u00dfe (B3) Richtung Weinheim, Uni Klinikum. Auf der Berliner Stra\u00dfe bleibend den Neckar \u00fcberqueren, nach der Neckarbr\u00fccke die 3. Ampel links in Richtung Zoo, Kopfklinik, Olympiast\u00fctzpunkt abbiegen.<br \/>\nDiese Stra\u00dfe geradeaus durchfahren, am Ende nach rechts Richtung Schwimmbad, Universit\u00e4tssportgel\u00e4nde und Sportleistungszentrum abbiegen. Auf der Stra\u00dfe geradeaus vorbei am Abzweig (Bushaltestelle) Olympiast\u00fctzpunkt, weiter auf der Vorfahrtsstra\u00dfe bleiben. Dabei umf\u00e4hrt man den Sportplatz der DJK Handschuhsheim (Rechtskurve &#8211; Schild Sportzentrum Nord) und geradeaus weiter.<br \/>\nBei der derzeitigen Endstation der Buslinien 11 und 33 liegen dann rechterhand die Parkpl\u00e4tze (parken innerhalb des Wendeplatzes des \u00f6ffentlichen Nahverkehrs ist verboten).<\/p>\n<p><em>Anfahrt \/ <a href=\"\/bilder\/anfahrt.png\">Stadtplanausschnitt<\/a><\/em><br \/>\n<iframe loading=\"lazy\" src=\"http:\/\/maps.google.de\/maps?f=q&amp;hl=de&amp;geocode=&amp;q=Tiergartenstr+126+Heidelberg&amp;sll=49.42237,8.658356&amp;sspn=0.02451,0.04107&amp;ie=UTF8&amp;om=1&amp;s=AARTsJqixiDrHk4wJEfAGHuMfwNgQj1lPA&amp;ll=49.416222,8.6689&amp;spn=0.033503,0.051498&amp;z=13&amp;output=embed\" width=\"425\" height=\"350\" frameborder=\"0\" marginwidth=\"0\" marginheight=\"0\" scrolling=\"no\"><\/iframe><\/p>\n","protected":false},"excerpt":{"rendered":"<p>Adresse Rugbyplatz: TSV Handschuhsheim Abteilung Rugby Tiergartenstra\u00dfe 126 69120 Heidelberg Telefon: 06221 \/ 409685 Adresse Klubhaus: TSV Handschuhsheim Abteilung Rugby Tiergartenstra\u00dfe 7a 69120 Heidelberg Telefon: 06221 \/ 409685 Mit dem Auto: Das Sportzentrum Nord befindet sich am n\u00f6rdlichen Ortsrand des Heidelberger Stadtteils Handschuhsheim und ist \u00fcber Autobahnanschlu\u00dfstelle Heidelberg Mitte zu erreichen. Ab dem Heidelberger Kreuz [&hellip;]<\/p>\n","protected":false},"author":12,"featured_media":0,"parent":0,"menu_order":210,"comment_status":"closed","ping_status":"closed","template":"","meta":{"footnotes":""},"class_list":["post-21","page","type-page","status-publish","hentry"],"_links":{"self":[{"href":"https:\/\/www.tsv-rugby.de\/php\/wordpress\/wp-json\/wp\/v2\/pages\/21","targetHints":{"allow":["GET"]}}],"collection":[{"href":"https:\/\/www.tsv-rugby.de\/php\/wordpress\/wp-json\/wp\/v2\/pages"}],"about":[{"href":"https:\/\/www.tsv-rugby.de\/php\/wordpress\/wp-json\/wp\/v2\/types\/page"}],"author":[{"embeddable":true,"href":"https:\/\/www.tsv-rugby.de\/php\/wordpress\/wp-json\/wp\/v2\/users\/12"}],"replies":[{"embeddable":true,"href":"https:\/\/www.tsv-rugby.de\/php\/wordpress\/wp-json\/wp\/v2\/comments?post=21"}],"version-history":[{"count":0,"href":"https:\/\/www.tsv-rugby.de\/php\/wordpress\/wp-json\/wp\/v2\/pages\/21\/revisions"}],"wp:attachment":[{"href":"https:\/\/www.tsv-rugby.de\/php\/wordpress\/wp-json\/wp\/v2\/media?parent=21"}],"curies":[{"name":"wp","href":"https:\/\/api.w.org\/{rel}","templated":true}]}}