{"id":32,"date":"2009-03-22T21:21:35","date_gmt":"2009-03-22T20:21:35","guid":{"rendered":"http:\/\/www.tsv-rugby.de\/php\/wordpress\/?page_id=32"},"modified":"2024-12-03T07:22:38","modified_gmt":"2024-12-03T06:22:38","slug":"impressum","status":"publish","type":"page","link":"https:\/\/www.tsv-rugby.de\/php\/wordpress\/impressum","title":{"rendered":"Impressum"},"content":{"rendered":"<p><em>Kontaktadresse:<\/em><br \/>\nTurn- und Sportverein Handschuhsheim 1886 e. V. &#8211; Abteilung Rugby<br \/>\nTiergartenstr. 126<br \/>\n69120 Heidelberg<br \/>\nTelefon (Hauptverein): 06221 \/ 410886<br \/>\nFax (Hauptverein): 06221 \/ 473167<br \/>\nE-Mail (Abteilungsleiter): <a href=\"mailto:abteilungsleiter@tsv-rugby.de\">abteilungsleiter (at) tsv-rugby . de<\/a><\/p>\n<p><em>Verantwortlich f\u00fcr das Design der Seiten auf tsv-rugby.de:<\/em><br \/>\nRoman Schr\u00f6der<br \/>\nE-Mail: <a href=\"mailto:webmaster@tsv-rugby.de\">webmaster (at) tsv-rugby . de<\/a><\/p>\n<p><em>Verantwortlich f\u00fcr den Inhalt der Seiten auf tsv-rugby.de:<\/em><br \/>\nMoritz Bayer<br \/>\nE-Mail: <a href=\"mailto:presse@tsv-rugby.de\">presse (at) tsv-rugby . de<\/a><\/p>\n<p><em>Abteilungsleiter:<\/em><br \/>\nAlexander Pipa<br \/>\nE-Mail: <a href=\"mailto:abteilungsleiter@tsv-rugby.de\">abteilungsleiter (at) tsv-rugby . de<\/a><\/p>\n<p><em>Vereinsregister:<\/em><br \/>\nAmtsgericht Heidelberg, Nummer: 349<br \/>\n<em>Umsatzsteuer-Identifikationsnummer:<\/em><br \/>\nUSt-IDNr.: DE143293800<br \/>\nDer TSV Handschuhsheim 1886 e. V. ist vom Finanzamt Heidelberg als gemeinn\u00fctzig anerkannt.<\/p>\n<p><em><a href=\"http:\/\/www.disclaimer.de\/disclaimer.htm?farbe=4169E1\/FFFFFF\/FFFFFF\/FFFFFF\">Haftungsausschluss<\/a> <\/em>(externer Link)<\/p>\n","protected":false},"excerpt":{"rendered":"<p>Kontaktadresse: Turn- und Sportverein Handschuhsheim 1886 e. V. &#8211; Abteilung Rugby Tiergartenstr. 126 69120 Heidelberg Telefon (Hauptverein): 06221 \/ 410886 Fax (Hauptverein): 06221 \/ 473167 E-Mail (Abteilungsleiter): abteilungsleiter (at) tsv-rugby . de Verantwortlich f\u00fcr das Design der Seiten auf tsv-rugby.de: Roman Schr\u00f6der E-Mail: webmaster (at) tsv-rugby . de Verantwortlich f\u00fcr den Inhalt der Seiten auf [&hellip;]<\/p>\n","protected":false},"author":12,"featured_media":0,"parent":0,"menu_order":5,"comment_status":"closed","ping_status":"closed","template":"","meta":{"footnotes":""},"class_list":["post-32","page","type-page","status-publish","hentry"],"_links":{"self":[{"href":"https:\/\/www.tsv-rugby.de\/php\/wordpress\/wp-json\/wp\/v2\/pages\/32","targetHints":{"allow":["GET"]}}],"collection":[{"href":"https:\/\/www.tsv-rugby.de\/php\/wordpress\/wp-json\/wp\/v2\/pages"}],"about":[{"href":"https:\/\/www.tsv-rugby.de\/php\/wordpress\/wp-json\/wp\/v2\/types\/page"}],"author":[{"embeddable":true,"href":"https:\/\/www.tsv-rugby.de\/php\/wordpress\/wp-json\/wp\/v2\/users\/12"}],"replies":[{"embeddable":true,"href":"https:\/\/www.tsv-rugby.de\/php\/wordpress\/wp-json\/wp\/v2\/comments?post=32"}],"version-history":[{"count":0,"href":"https:\/\/www.tsv-rugby.de\/php\/wordpress\/wp-json\/wp\/v2\/pages\/32\/revisions"}],"wp:attachment":[{"href":"https:\/\/www.tsv-rugby.de\/php\/wordpress\/wp-json\/wp\/v2\/media?parent=32"}],"curies":[{"name":"wp","href":"https:\/\/api.w.org\/{rel}","templated":true}]}}