{"id":34,"date":"2009-03-22T21:23:47","date_gmt":"2009-03-22T20:23:47","guid":{"rendered":"http:\/\/www.tsv-rugby.de\/php\/wordpress\/?page_id=34"},"modified":"2025-06-14T17:43:22","modified_gmt":"2025-06-14T15:43:22","slug":"teams-silberloewen","status":"publish","type":"page","link":"https:\/\/www.tsv-rugby.de\/php\/wordpress\/teams-silberloewen","title":{"rendered":"Teams &#8211; Silberl\u00f6wen"},"content":{"rendered":"<div class=\"wp-block-image\">\n<figure class=\"aligncenter\"><a href=\"https:\/\/www.tsv-rugby.de\/php\/wordpress\/wp-content\/uploads\/2019\/05\/AH.jpg\"><img loading=\"lazy\" decoding=\"async\" width=\"800\" height=\"535\" src=\"https:\/\/www.tsv-rugby.de\/php\/wordpress\/wp-content\/uploads\/2019\/05\/AH-800x535.jpg\" alt=\"\" class=\"wp-image-4821\" srcset=\"https:\/\/www.tsv-rugby.de\/php\/wordpress\/wp-content\/uploads\/2019\/05\/AH-800x535.jpg 800w, https:\/\/www.tsv-rugby.de\/php\/wordpress\/wp-content\/uploads\/2019\/05\/AH-300x201.jpg 300w, https:\/\/www.tsv-rugby.de\/php\/wordpress\/wp-content\/uploads\/2019\/05\/AH-768x514.jpg 768w, https:\/\/www.tsv-rugby.de\/php\/wordpress\/wp-content\/uploads\/2019\/05\/AH.jpg 1884w\" sizes=\"auto, (max-width: 800px) 100vw, 800px\" \/><\/a><figcaption class=\"wp-element-caption\">Gruppenfoto der Silberl\u00f6wen<\/figcaption><\/figure>\n<\/div>\n\n<p>Die Silberl\u00f6wen des TSV sind eine Gruppe aus ehemaligen Rugbyspielern und Freunden des TSV, die auch im Alter den Spa\u00df am Rugby noch nicht verloren haben. Neben dem regelm\u00e4\u00dfigen Rugbytraining steht die Geselligkeit im Mittelpunkt. Die Silberl\u00f6wen spielen zwei bis drei Spiele pro Jahr, feiern gemeinsam Feste und unternehmen Touren ins Ausland. Der TSV ist <em>Mitglied der <a href=\"http:\/\/www.evrugbya.org\/HOME.57.0.html\"><strong>European Veteran Rugby Association<\/strong> <\/a>(EVRA)<\/em><em>.<\/em> Neue Junggebliebene ab 35 Jahren sind herzlich willkommen.<\/p>\n<p><strong>Kontakt:<\/strong>\u00a0Christian Kalkhof &amp; Stefan Werle (<a href=\"mailto:alte-herren@tsv-rugby.de\">alte-herren (at) tsv-rugby . de<\/a>)<br \/><strong>Trainingszeiten<\/strong>: Donnerstag 19 \u2013 20 Uhr auf dem <a href=\"\/bilder\/stadtplan.jpg\">TSV-Rugbyplatz<\/a><\/p>\n<p><em>Aktivit\u00e4ten:<\/em><\/p>\n<ul>\n<li data-wp-editing=\"1\"><b>Lyon-Tour 2025<\/b><\/li>\n<\/ul>\n<p><a href=\"https:\/\/www.tsv-rugby.de\/php\/wordpress\/wp-content\/uploads\/2025\/06\/28b7787b-f265-4888-831f-4fe121812164.jpeg\"><img loading=\"lazy\" decoding=\"async\" class=\"aligncenter size-large wp-image-5888\" src=\"https:\/\/www.tsv-rugby.de\/php\/wordpress\/wp-content\/uploads\/2025\/06\/28b7787b-f265-4888-831f-4fe121812164-800x600.jpeg\" alt=\"\" width=\"800\" height=\"600\" srcset=\"https:\/\/www.tsv-rugby.de\/php\/wordpress\/wp-content\/uploads\/2025\/06\/28b7787b-f265-4888-831f-4fe121812164-800x600.jpeg 800w, https:\/\/www.tsv-rugby.de\/php\/wordpress\/wp-content\/uploads\/2025\/06\/28b7787b-f265-4888-831f-4fe121812164-300x225.jpeg 300w, https:\/\/www.tsv-rugby.de\/php\/wordpress\/wp-content\/uploads\/2025\/06\/28b7787b-f265-4888-831f-4fe121812164-768x576.jpeg 768w, https:\/\/www.tsv-rugby.de\/php\/wordpress\/wp-content\/uploads\/2025\/06\/28b7787b-f265-4888-831f-4fe121812164-1536x1152.jpeg 1536w, https:\/\/www.tsv-rugby.de\/php\/wordpress\/wp-content\/uploads\/2025\/06\/28b7787b-f265-4888-831f-4fe121812164-400x300.jpeg 400w, https:\/\/www.tsv-rugby.de\/php\/wordpress\/wp-content\/uploads\/2025\/06\/28b7787b-f265-4888-831f-4fe121812164.jpeg 2048w\" sizes=\"auto, (max-width: 800px) 100vw, 800px\" \/><\/a><\/p>\n<p>\u00a0<\/p>\n<ul>\n<li><b>Bergamo April 2025<\/b><\/li>\n<\/ul>\n<p><a href=\"https:\/\/www.tsv-rugby.de\/php\/wordpress\/wp-content\/uploads\/2025\/06\/1000067646.jpeg\"><img loading=\"lazy\" decoding=\"async\" class=\"aligncenter size-large wp-image-5891\" src=\"https:\/\/www.tsv-rugby.de\/php\/wordpress\/wp-content\/uploads\/2025\/06\/1000067646-800x693.jpeg\" alt=\"\" width=\"800\" height=\"693\" srcset=\"https:\/\/www.tsv-rugby.de\/php\/wordpress\/wp-content\/uploads\/2025\/06\/1000067646-800x693.jpeg 800w, https:\/\/www.tsv-rugby.de\/php\/wordpress\/wp-content\/uploads\/2025\/06\/1000067646-300x260.jpeg 300w, https:\/\/www.tsv-rugby.de\/php\/wordpress\/wp-content\/uploads\/2025\/06\/1000067646-768x665.jpeg 768w, https:\/\/www.tsv-rugby.de\/php\/wordpress\/wp-content\/uploads\/2025\/06\/1000067646.jpeg 960w\" sizes=\"auto, (max-width: 800px) 100vw, 800px\" \/><\/a><\/p>\n<p>\u00a0<\/p>\n<ul>\n<li><b>Kalle-Cup Hamburg September 2024<\/b><\/li>\n<\/ul>\n<p><a href=\"https:\/\/www.tsv-rugby.de\/php\/wordpress\/wp-content\/uploads\/2025\/06\/IMG_2713-scaled.jpeg\"><img loading=\"lazy\" decoding=\"async\" class=\"aligncenter size-large wp-image-5889\" src=\"https:\/\/www.tsv-rugby.de\/php\/wordpress\/wp-content\/uploads\/2025\/06\/IMG_2713-800x600.jpeg\" alt=\"\" width=\"800\" height=\"600\" srcset=\"https:\/\/www.tsv-rugby.de\/php\/wordpress\/wp-content\/uploads\/2025\/06\/IMG_2713-800x600.jpeg 800w, https:\/\/www.tsv-rugby.de\/php\/wordpress\/wp-content\/uploads\/2025\/06\/IMG_2713-300x225.jpeg 300w, https:\/\/www.tsv-rugby.de\/php\/wordpress\/wp-content\/uploads\/2025\/06\/IMG_2713-768x576.jpeg 768w, https:\/\/www.tsv-rugby.de\/php\/wordpress\/wp-content\/uploads\/2025\/06\/IMG_2713-1536x1152.jpeg 1536w, https:\/\/www.tsv-rugby.de\/php\/wordpress\/wp-content\/uploads\/2025\/06\/IMG_2713-2048x1536.jpeg 2048w, https:\/\/www.tsv-rugby.de\/php\/wordpress\/wp-content\/uploads\/2025\/06\/IMG_2713-400x300.jpeg 400w\" sizes=\"auto, (max-width: 800px) 100vw, 800px\" \/><\/a><\/p>\n\n\n<p><\/p>\n","protected":false},"excerpt":{"rendered":"<p>Die Silberl\u00f6wen des TSV sind eine Gruppe aus ehemaligen Rugbyspielern und Freunden des TSV, die auch im Alter den Spa\u00df am Rugby noch nicht verloren haben. Neben dem regelm\u00e4\u00dfigen Rugbytraining steht die Geselligkeit im Mittelpunkt. Die Silberl\u00f6wen spielen zwei bis drei Spiele pro Jahr, feiern gemeinsam Feste und unternehmen Touren ins Ausland. Der TSV ist [&hellip;]<\/p>\n","protected":false},"author":12,"featured_media":0,"parent":0,"menu_order":130,"comment_status":"closed","ping_status":"closed","template":"","meta":{"footnotes":""},"class_list":["post-34","page","type-page","status-publish","hentry"],"_links":{"self":[{"href":"https:\/\/www.tsv-rugby.de\/php\/wordpress\/wp-json\/wp\/v2\/pages\/34","targetHints":{"allow":["GET"]}}],"collection":[{"href":"https:\/\/www.tsv-rugby.de\/php\/wordpress\/wp-json\/wp\/v2\/pages"}],"about":[{"href":"https:\/\/www.tsv-rugby.de\/php\/wordpress\/wp-json\/wp\/v2\/types\/page"}],"author":[{"embeddable":true,"href":"https:\/\/www.tsv-rugby.de\/php\/wordpress\/wp-json\/wp\/v2\/users\/12"}],"replies":[{"embeddable":true,"href":"https:\/\/www.tsv-rugby.de\/php\/wordpress\/wp-json\/wp\/v2\/comments?post=34"}],"version-history":[{"count":0,"href":"https:\/\/www.tsv-rugby.de\/php\/wordpress\/wp-json\/wp\/v2\/pages\/34\/revisions"}],"wp:attachment":[{"href":"https:\/\/www.tsv-rugby.de\/php\/wordpress\/wp-json\/wp\/v2\/media?parent=34"}],"curies":[{"name":"wp","href":"https:\/\/api.w.org\/{rel}","templated":true}]}}